{"id":393,"date":"2020-03-30T19:41:54","date_gmt":"2020-03-30T19:41:54","guid":{"rendered":"https:\/\/www.kyysounds.com\/?page_id=393"},"modified":"2026-02-09T14:05:26","modified_gmt":"2026-02-09T14:05:26","slug":"kuka","status":"publish","type":"page","link":"https:\/\/www.kyysounds.com\/?page_id=393","title":{"rendered":"KUKA?"},"content":{"rendered":"\t\t<div data-elementor-type=\"wp-page\" data-elementor-id=\"393\" class=\"elementor elementor-393\">\n\t\t\t\t\t\t<div class=\"elementor-inner\">\n\t\t\t\t<div class=\"elementor-section-wrap\">\n\t\t\t\t\t\t\t\t\t<section class=\"elementor-section elementor-top-section elementor-element elementor-element-a628b9f elementor-section-stretched elementor-section-boxed elementor-section-height-default elementor-section-height-default\" data-id=\"a628b9f\" data-element_type=\"section\" data-settings=\"{&quot;stretch_section&quot;:&quot;section-stretched&quot;,&quot;background_background&quot;:&quot;classic&quot;}\">\n\t\t\t\t\t\t<div class=\"elementor-container elementor-column-gap-default\">\n\t\t\t\t\t\t\t<div class=\"elementor-row\">\n\t\t\t\t\t<div class=\"elementor-column elementor-col-100 elementor-top-column elementor-element elementor-element-ec6a3b8\" data-id=\"ec6a3b8\" data-element_type=\"column\">\n\t\t\t<div class=\"elementor-column-wrap elementor-element-populated\">\n\t\t\t\t\t\t\t<div class=\"elementor-widget-wrap\">\n\t\t\t\t\t\t<div class=\"elementor-element elementor-element-ab31e7c elementor-widget elementor-widget-text-editor\" data-id=\"ab31e7c\" data-element_type=\"widget\" data-widget_type=\"text-editor.default\">\n\t\t\t\t<div class=\"elementor-widget-container\">\n\t\t\t\t\t\t\t\t<div class=\"elementor-text-editor elementor-clearfix\">\n\t\t\t\t<p><!-- wp:paragraph --><\/p>\n<p><img loading=\"lazy\" decoding=\"async\" class=\"wp-image-692 size-medium alignleft\" src=\"https:\/\/www.kyysounds.com\/wp-content\/uploads\/2022\/03\/self2-300x212.jpg\" alt=\"\" width=\"300\" height=\"212\" srcset=\"https:\/\/www.kyysounds.com\/wp-content\/uploads\/2022\/03\/self2-300x212.jpg 300w, https:\/\/www.kyysounds.com\/wp-content\/uploads\/2022\/03\/self2-1024x724.jpg 1024w, https:\/\/www.kyysounds.com\/wp-content\/uploads\/2022\/03\/self2-768x543.jpg 768w, https:\/\/www.kyysounds.com\/wp-content\/uploads\/2022\/03\/self2-1536x1087.jpg 1536w, https:\/\/www.kyysounds.com\/wp-content\/uploads\/2022\/03\/self2-2048x1449.jpg 2048w\" sizes=\"auto, (max-width: 300px) 100vw, 300px\" \/><\/p>\n<p>Synnyin Kuusankoskella vuonna 1987. Muistan olleeni kiinnostunut musiikista,&nbsp; \u00e4\u00e4nitt\u00e4misest\u00e4 ja \u00e4\u00e4nist\u00e4 yleens\u00e4kin jo ennen kuin osasin edes varsinaisesti soittaa mit\u00e4\u00e4n. Leikin vanhalla Sonyn tupladekki-kasettisoittimella. \u00c4\u00e4nittelin omia kokoelmakasettejani ja tein &#8221;levyj\u00e4&#8221; halvalla Casion kosketinsoittimella ja sen sis\u00e4\u00e4nrakennetulla rumpukoneella. Kaikki tuntui hyvin kiehtovalta. Pystyin tallentamaan hetki\u00e4 ja kuuntelemaan niit\u00e4 my\u00f6hemmin uudestaan. Aivan kuin olisin keksinyt&nbsp; aikakoneen! N\u00e4it\u00e4 samoja tunnelmia yrit\u00e4n edelleen saavuttaa ty\u00f6skennelless\u00e4ni asiakkaideni kanssa.<\/p>\n<p>12-vuotiaana aloin soittaa kitaraa ja muutamaa vuotta my\u00f6hemmin liityin ensimm\u00e4iseen yhtyeeseeni. Siit\u00e4 l\u00e4htien olen soittanut kitaraa tai bassoa useissa eri&nbsp; yhtyeiss\u00e4. Soitan my\u00f6s hieman rumpuja ja laulan (tai oikeammin huudan). Mutta en kuitenkaan kutsuisi itse\u00e4ni varsinaisesti rumpaliksi tai laulajaksi. P\u00e4\u00e4asiallinen syyni my\u00f6s noihin kenkiin hypp\u00e4\u00e4miseen oli se, ett\u00e4 halusin \u00e4\u00e4nitt\u00e4\u00e4 enemm\u00e4n rumpuja ja ymm\u00e4rt\u00e4\u00e4 mit\u00e4 rumpali&nbsp; k\u00e4y l\u00e4pi soittaessaan.<\/p>\n<p>Vaikka olenkin ollut n\u00e4iden asioiden kanssa tekemisiss\u00e4 lapsuudesta saakka, p\u00e4\u00e4tin vasta vuonna 2017 tehd\u00e4 t\u00e4st\u00e4 itselleni ammatin.&nbsp; Ennen sit\u00e4 olin \u00e4\u00e4nitt\u00e4nyt ja miksannut l\u00e4hinn\u00e4 omia tai kavereideni yhtyeit\u00e4 &#8221;normaalien&#8221; p\u00e4iv\u00e4t\u00f6iden ohessa. Kenties orastava kolmenkympin kriisi sai minut viimein ottamaan&nbsp; itse\u00e4ni niskasta kiinni ja&nbsp; &nbsp;aloin havitella itselleni ammattia, josta&nbsp; saattaisin jopa nauttia. Vuonna 2017 hain ja tulin hyv\u00e4ksytyksi Koulutuskeskus Salpaukseen opiskelemaan musiikkiteknologiaa. Valmistuin&nbsp; alkuvuodesta 2020 ja olen siit\u00e4 l\u00e4htien ty\u00f6skennellyt oman KyySounds yritykseni kautta. Helmikuussa 2022&nbsp;sain my\u00f6s p\u00e4\u00e4t\u00f6kseen Musiikkituotannon&nbsp; ammattitutkinnon samasta koulusta. T\u00e4ll\u00e4 hetkell\u00e4 opiskelen Novia AMK:ssa ylemp\u00e4\u00e4 ammattikorkeakoulututkintoa musiikkituotannossa. Opintojen tarkoitus on kehitt\u00e4\u00e4 taitojani modernimmassa musiikkituotannossa ja co-writessa. Olen ottanut osaa biisinkirjoitusleireille Suomessa, Ruotsissa ja Singaporessa.<\/p>\n<p>Olen aina ollut kiinnostunut kaikenlaisesta musiikista. Vaikka oma taustani muusikkona pohjaakin rockiin, punkiin ja metalliin, hakeudun aina silloin t\u00e4ll\u00f6in kohti jotakin&nbsp; rauhoittavampaa. Pid\u00e4n eritt\u00e4in paljon my\u00f6s hyvin tuotetuista ja tarttuvista pop-kappaleista. Saatan helposti kuunnella ensin crust punk\/metal-yhtye From Ashes Risea ja vaihtaa sen j\u00e4lkeen ABBAan. Mutta olipa kyseess\u00e4 sitten mik\u00e4 tahansa genre, t\u00e4ytyy kappaleessa aina olla se maaginen &#8221;jokin&#8221;, joka tekee siit\u00e4 hyv\u00e4n ja ainutlaatuisen. T\u00e4rkein teht\u00e4v\u00e4ni onkin auttaa sinua l\u00f6yt\u00e4m\u00e4\u00e4n t\u00e4m\u00e4 sinun kappaleistasi!<\/p>\n<p>Ota&nbsp; yhteytt\u00e4 niin jutellaan lis\u00e4\u00e4!<\/p>\n<p><!-- \/wp:paragraph --><!-- wp:paragraph --><\/p>\n<p>&#8211; Joni Kyyn\u00e4r\u00e4inen \/ KyySounds \/ kyysounds(att)gmail.com<\/p>\n<p><!-- \/wp:paragraph --><!-- wp:paragraph --><\/p>\n<p><!-- \/wp:paragraph --><\/p>\t\t\t\t\t<\/div>\n\t\t\t\t\t\t<\/div>\n\t\t\t\t<\/div>\n\t\t\t\t\t\t<\/div>\n\t\t\t\t\t<\/div>\n\t\t<\/div>\n\t\t\t\t\t\t\t\t<\/div>\n\t\t\t\t\t<\/div>\n\t\t<\/section>\n\t\t\t\t<section class=\"elementor-section elementor-top-section elementor-element elementor-element-e12133b elementor-section-stretched elementor-section-boxed elementor-section-height-default elementor-section-height-default\" data-id=\"e12133b\" data-element_type=\"section\" data-settings=\"{&quot;stretch_section&quot;:&quot;section-stretched&quot;}\">\n\t\t\t\t\t\t<div class=\"elementor-container elementor-column-gap-default\">\n\t\t\t\t\t\t\t<div class=\"elementor-row\">\n\t\t\t\t\t<div class=\"elementor-column elementor-col-100 elementor-top-column elementor-element elementor-element-2dd39b3\" data-id=\"2dd39b3\" data-element_type=\"column\">\n\t\t\t<div class=\"elementor-column-wrap elementor-element-populated\">\n\t\t\t\t\t\t\t<div class=\"elementor-widget-wrap\">\n\t\t\t\t\t\t<div class=\"elementor-element elementor-element-7ce4c56 elementor-shape-rounded elementor-grid-0 e-grid-align-center elementor-widget elementor-widget-social-icons\" data-id=\"7ce4c56\" data-element_type=\"widget\" data-widget_type=\"social-icons.default\">\n\t\t\t\t<div class=\"elementor-widget-container\">\n\t\t\t\t\t<div class=\"elementor-social-icons-wrapper elementor-grid\">\n\t\t\t\t\t\t\t<span class=\"elementor-grid-item\">\n\t\t\t\t\t<a class=\"elementor-icon elementor-social-icon elementor-social-icon-facebook elementor-repeater-item-1c2551d\" href=\"https:\/\/www.facebook.com\/profile.php?id=117702526304154&#038;ref=br_rs\" target=\"_blank\">\n\t\t\t\t\t\t<span class=\"elementor-screen-only\">Facebook<\/span>\n\t\t\t\t\t\t<i class=\"fab fa-facebook\"><\/i>\t\t\t\t\t<\/a>\n\t\t\t\t<\/span>\n\t\t\t\t\t\t\t<span class=\"elementor-grid-item\">\n\t\t\t\t\t<a class=\"elementor-icon elementor-social-icon elementor-social-icon-instagram elementor-repeater-item-53468c9\" href=\"https:\/\/www.instagram.com\/kyysounds_\/\" target=\"_blank\">\n\t\t\t\t\t\t<span class=\"elementor-screen-only\">Instagram<\/span>\n\t\t\t\t\t\t<i class=\"fab fa-instagram\"><\/i>\t\t\t\t\t<\/a>\n\t\t\t\t<\/span>\n\t\t\t\t\t\t\t<span class=\"elementor-grid-item\">\n\t\t\t\t\t<a class=\"elementor-icon elementor-social-icon elementor-social-icon-youtube elementor-repeater-item-245451e\" href=\"https:\/\/www.youtube.com\/channel\/UCHgoMsxiFeGhi0BbjVrAcsA\/featured?view_as=subscriber\" target=\"_blank\">\n\t\t\t\t\t\t<span class=\"elementor-screen-only\">Youtube<\/span>\n\t\t\t\t\t\t<i class=\"fab fa-youtube\"><\/i>\t\t\t\t\t<\/a>\n\t\t\t\t<\/span>\n\t\t\t\t\t<\/div>\n\t\t\t\t<\/div>\n\t\t\t\t<\/div>\n\t\t\t\t\t\t<\/div>\n\t\t\t\t\t<\/div>\n\t\t<\/div>\n\t\t\t\t\t\t\t\t<\/div>\n\t\t\t\t\t<\/div>\n\t\t<\/section>\n\t\t\t\t\t\t\t\t\t<\/div>\n\t\t\t<\/div>\n\t\t\t\t\t<\/div>\n\t\t","protected":false},"excerpt":{"rendered":"<p>Synnyin Kuusankoskella vuonna 1987. Muistan olleeni kiinnostunut musiikista,&nbsp; \u00e4\u00e4nitt\u00e4misest\u00e4 ja \u00e4\u00e4nist\u00e4 yleens\u00e4kin jo ennen kuin osasin edes varsinaisesti soittaa mit\u00e4\u00e4n. Leikin vanhalla Sonyn tupladekki-kasettisoittimella. \u00c4\u00e4nittelin omia kokoelmakasettejani ja tein &#8221;levyj\u00e4&#8221; halvalla Casion kosketinsoittimella ja sen sis\u00e4\u00e4nrakennetulla rumpukoneella. Kaikki tuntui hyvin kiehtovalta. Pystyin tallentamaan hetki\u00e4 ja kuuntelemaan niit\u00e4 my\u00f6hemmin uudestaan. Aivan kuin olisin keksinyt&nbsp; aikakoneen! N\u00e4it\u00e4&#8230;<\/p>\n","protected":false},"author":1,"featured_media":0,"parent":300,"menu_order":0,"comment_status":"closed","ping_status":"closed","template":"","meta":{"footnotes":""},"class_list":["post-393","page","type-page","status-publish","hentry"],"_links":{"self":[{"href":"https:\/\/www.kyysounds.com\/index.php?rest_route=\/wp\/v2\/pages\/393","targetHints":{"allow":["GET"]}}],"collection":[{"href":"https:\/\/www.kyysounds.com\/index.php?rest_route=\/wp\/v2\/pages"}],"about":[{"href":"https:\/\/www.kyysounds.com\/index.php?rest_route=\/wp\/v2\/types\/page"}],"author":[{"embeddable":true,"href":"https:\/\/www.kyysounds.com\/index.php?rest_route=\/wp\/v2\/users\/1"}],"replies":[{"embeddable":true,"href":"https:\/\/www.kyysounds.com\/index.php?rest_route=%2Fwp%2Fv2%2Fcomments&post=393"}],"version-history":[{"count":23,"href":"https:\/\/www.kyysounds.com\/index.php?rest_route=\/wp\/v2\/pages\/393\/revisions"}],"predecessor-version":[{"id":1228,"href":"https:\/\/www.kyysounds.com\/index.php?rest_route=\/wp\/v2\/pages\/393\/revisions\/1228"}],"up":[{"embeddable":true,"href":"https:\/\/www.kyysounds.com\/index.php?rest_route=\/wp\/v2\/pages\/300"}],"wp:attachment":[{"href":"https:\/\/www.kyysounds.com\/index.php?rest_route=%2Fwp%2Fv2%2Fmedia&parent=393"}],"curies":[{"name":"wp","href":"https:\/\/api.w.org\/{rel}","templated":true}]}}